{"id":293,"date":"2017-09-29T18:53:56","date_gmt":"2017-09-29T16:53:56","guid":{"rendered":"http:\/\/blog.btr.nstrefa.pl\/?page_id=293"},"modified":"2017-10-17T03:07:14","modified_gmt":"2017-10-17T01:07:14","slug":"motto","status":"publish","type":"page","link":"https:\/\/gdzielamymowiadobranoc.pl\/index.php\/motto\/","title":{"rendered":"MOTTO"},"content":{"rendered":"<p>Indywidualne do\u015bwiadczenia, kr\u0105g kulturowy w kt\u00f3rym si\u0119 wychowali\u015bmy, ludzie kt\u00f3rych spotykamy, a nawet nasz charakter sprawiaj\u0105, \u017ce ka\u017cdy z nas jest w stanie prze\u017cy\u0107 i opisa\u0107 zupe\u0142nie now\u0105, wyj\u0105tkow\u0105 histori\u0119.<\/p>\n<p>Podr\u00f3\u017cujmy! Dzielmy si\u0119!<\/p>\n","protected":false},"excerpt":{"rendered":"<p>Indywidualne do\u015bwiadczenia, kr\u0105g kulturowy w kt\u00f3rym si\u0119 wychowali\u015bmy, ludzie kt\u00f3rych spotykamy, a nawet nasz charakter sprawiaj\u0105, \u017ce ka\u017cdy z nas jest w stanie prze\u017cy\u0107 i opisa\u0107 zupe\u0142nie now\u0105, wyj\u0105tkow\u0105 histori\u0119. Podr\u00f3\u017cujmy! Dzielmy si\u0119!<\/p>\n","protected":false},"author":1,"featured_media":0,"parent":0,"menu_order":7,"comment_status":"closed","ping_status":"closed","template":"","meta":{"_monsterinsights_skip_tracking":false,"_monsterinsights_sitenote_active":false,"_monsterinsights_sitenote_note":"","_monsterinsights_sitenote_category":0,"footnotes":""},"class_list":["post-293","page","type-page","status-publish","hentry"],"yoast_head":"<!-- This site is optimized with the Yoast SEO plugin v17.5 - https:\/\/yoast.com\/wordpress\/plugins\/seo\/ -->\n<meta name=\"robots\" content=\"index, follow, max-snippet:-1, max-image-preview:large, max-video-preview:-1\" \/>\n<link rel=\"canonical\" href=\"http:\/\/gdzielamymowiadobranoc.pl\/index.php\/motto\/\" \/>\n<meta property=\"og:locale\" content=\"pl_PL\" \/>\n<meta property=\"og:type\" content=\"article\" \/>\n<meta property=\"og:title\" content=\"MOTTO - Gdzie lamy m\u00f3wi\u0105 dobranoc\" \/>\n<meta property=\"og:description\" content=\"Indywidualne do\u015bwiadczenia, kr\u0105g kulturowy w kt\u00f3rym si\u0119 wychowali\u015bmy, ludzie kt\u00f3rych spotykamy, a nawet nasz charakter sprawiaj\u0105, \u017ce ka\u017cdy z nas jest w stanie prze\u017cy\u0107 i opisa\u0107 zupe\u0142nie now\u0105, wyj\u0105tkow\u0105 histori\u0119. Podr\u00f3\u017cujmy! Dzielmy si\u0119!\" \/>\n<meta property=\"og:url\" content=\"http:\/\/gdzielamymowiadobranoc.pl\/index.php\/motto\/\" \/>\n<meta property=\"og:site_name\" content=\"Gdzie lamy m\u00f3wi\u0105 dobranoc\" \/>\n<meta property=\"article:modified_time\" content=\"2017-10-17T01:07:14+00:00\" \/>\n<meta name=\"twitter:card\" content=\"summary\" \/>\n<script type=\"application\/ld+json\" class=\"yoast-schema-graph\">{\"@context\":\"https:\/\/schema.org\",\"@graph\":[{\"@type\":\"WebSite\",\"@id\":\"https:\/\/gdzielamymowiadobranoc.pl\/#website\",\"url\":\"https:\/\/gdzielamymowiadobranoc.pl\/\",\"name\":\"Gdzie lamy m\\u00f3wi\\u0105 dobranoc\",\"description\":\"czyli opowie\\u015bci z miejsc niezwyk\\u0142ych\",\"potentialAction\":[{\"@type\":\"SearchAction\",\"target\":{\"@type\":\"EntryPoint\",\"urlTemplate\":\"https:\/\/gdzielamymowiadobranoc.pl\/?s={search_term_string}\"},\"query-input\":\"required name=search_term_string\"}],\"inLanguage\":\"pl-PL\"},{\"@type\":\"WebPage\",\"@id\":\"http:\/\/gdzielamymowiadobranoc.pl\/index.php\/motto\/#webpage\",\"url\":\"http:\/\/gdzielamymowiadobranoc.pl\/index.php\/motto\/\",\"name\":\"MOTTO - Gdzie lamy m\\u00f3wi\\u0105 dobranoc\",\"isPartOf\":{\"@id\":\"https:\/\/gdzielamymowiadobranoc.pl\/#website\"},\"datePublished\":\"2017-09-29T16:53:56+00:00\",\"dateModified\":\"2017-10-17T01:07:14+00:00\",\"breadcrumb\":{\"@id\":\"http:\/\/gdzielamymowiadobranoc.pl\/index.php\/motto\/#breadcrumb\"},\"inLanguage\":\"pl-PL\",\"potentialAction\":[{\"@type\":\"ReadAction\",\"target\":[\"http:\/\/gdzielamymowiadobranoc.pl\/index.php\/motto\/\"]}]},{\"@type\":\"BreadcrumbList\",\"@id\":\"http:\/\/gdzielamymowiadobranoc.pl\/index.php\/motto\/#breadcrumb\",\"itemListElement\":[{\"@type\":\"ListItem\",\"position\":1,\"name\":\"Strona g\\u0142\\u00f3wna\",\"item\":\"https:\/\/gdzielamymowiadobranoc.pl\/\"},{\"@type\":\"ListItem\",\"position\":2,\"name\":\"MOTTO\"}]}]}<\/script>\n<!-- \/ Yoast SEO plugin. -->","yoast_head_json":{"robots":{"index":"index","follow":"follow","max-snippet":"max-snippet:-1","max-image-preview":"max-image-preview:large","max-video-preview":"max-video-preview:-1"},"canonical":"http:\/\/gdzielamymowiadobranoc.pl\/index.php\/motto\/","og_locale":"pl_PL","og_type":"article","og_title":"MOTTO - Gdzie lamy m\u00f3wi\u0105 dobranoc","og_description":"Indywidualne do\u015bwiadczenia, kr\u0105g kulturowy w kt\u00f3rym si\u0119 wychowali\u015bmy, ludzie kt\u00f3rych spotykamy, a nawet nasz charakter sprawiaj\u0105, \u017ce ka\u017cdy z nas jest w stanie prze\u017cy\u0107 i opisa\u0107 zupe\u0142nie now\u0105, wyj\u0105tkow\u0105 histori\u0119. Podr\u00f3\u017cujmy! Dzielmy si\u0119!","og_url":"http:\/\/gdzielamymowiadobranoc.pl\/index.php\/motto\/","og_site_name":"Gdzie lamy m\u00f3wi\u0105 dobranoc","article_modified_time":"2017-10-17T01:07:14+00:00","twitter_card":"summary","schema":{"@context":"https:\/\/schema.org","@graph":[{"@type":"WebSite","@id":"https:\/\/gdzielamymowiadobranoc.pl\/#website","url":"https:\/\/gdzielamymowiadobranoc.pl\/","name":"Gdzie lamy m\u00f3wi\u0105 dobranoc","description":"czyli opowie\u015bci z miejsc niezwyk\u0142ych","potentialAction":[{"@type":"SearchAction","target":{"@type":"EntryPoint","urlTemplate":"https:\/\/gdzielamymowiadobranoc.pl\/?s={search_term_string}"},"query-input":"required name=search_term_string"}],"inLanguage":"pl-PL"},{"@type":"WebPage","@id":"http:\/\/gdzielamymowiadobranoc.pl\/index.php\/motto\/#webpage","url":"http:\/\/gdzielamymowiadobranoc.pl\/index.php\/motto\/","name":"MOTTO - Gdzie lamy m\u00f3wi\u0105 dobranoc","isPartOf":{"@id":"https:\/\/gdzielamymowiadobranoc.pl\/#website"},"datePublished":"2017-09-29T16:53:56+00:00","dateModified":"2017-10-17T01:07:14+00:00","breadcrumb":{"@id":"http:\/\/gdzielamymowiadobranoc.pl\/index.php\/motto\/#breadcrumb"},"inLanguage":"pl-PL","potentialAction":[{"@type":"ReadAction","target":["http:\/\/gdzielamymowiadobranoc.pl\/index.php\/motto\/"]}]},{"@type":"BreadcrumbList","@id":"http:\/\/gdzielamymowiadobranoc.pl\/index.php\/motto\/#breadcrumb","itemListElement":[{"@type":"ListItem","position":1,"name":"Strona g\u0142\u00f3wna","item":"https:\/\/gdzielamymowiadobranoc.pl\/"},{"@type":"ListItem","position":2,"name":"MOTTO"}]}]}},"_links":{"self":[{"href":"https:\/\/gdzielamymowiadobranoc.pl\/index.php\/wp-json\/wp\/v2\/pages\/293","targetHints":{"allow":["GET"]}}],"collection":[{"href":"https:\/\/gdzielamymowiadobranoc.pl\/index.php\/wp-json\/wp\/v2\/pages"}],"about":[{"href":"https:\/\/gdzielamymowiadobranoc.pl\/index.php\/wp-json\/wp\/v2\/types\/page"}],"author":[{"embeddable":true,"href":"https:\/\/gdzielamymowiadobranoc.pl\/index.php\/wp-json\/wp\/v2\/users\/1"}],"replies":[{"embeddable":true,"href":"https:\/\/gdzielamymowiadobranoc.pl\/index.php\/wp-json\/wp\/v2\/comments?post=293"}],"version-history":[{"count":1,"href":"https:\/\/gdzielamymowiadobranoc.pl\/index.php\/wp-json\/wp\/v2\/pages\/293\/revisions"}],"predecessor-version":[{"id":294,"href":"https:\/\/gdzielamymowiadobranoc.pl\/index.php\/wp-json\/wp\/v2\/pages\/293\/revisions\/294"}],"wp:attachment":[{"href":"https:\/\/gdzielamymowiadobranoc.pl\/index.php\/wp-json\/wp\/v2\/media?parent=293"}],"curies":[{"name":"wp","href":"https:\/\/api.w.org\/{rel}","templated":true}]}}